{"id":370,"date":"2023-08-25T16:01:16","date_gmt":"2023-08-25T19:01:16","guid":{"rendered":"https:\/\/caminhodosaojoao.com.br\/site\/?page_id=370"},"modified":"2023-09-10T23:16:12","modified_gmt":"2023-09-11T02:16:12","slug":"onde-hospedar","status":"publish","type":"page","link":"https:\/\/caminhodosaojoao.com.br\/site\/onde-hospedar\/","title":{"rendered":"Onde Hospedar"},"content":{"rendered":"<div class=\"wp-block-image\">\n<figure class=\"aligncenter size-full is-resized\"><img loading=\"lazy\" decoding=\"async\" width=\"325\" height=\"246\" src=\"https:\/\/caminhodosaojoao.com.br\/site\/wp-content\/uploads\/2023\/08\/Grupo-45.png\" alt=\"\" class=\"wp-image-425\" style=\"width:91px;height:69px\"\/><\/figure><\/div>\n\n\n<div class=\"wp-block-uagb-advanced-heading uagb-block-23c7a3c4\"><h2 class=\"uagb-heading-text\">Onde hospedar<\/h2><\/div>\n\n\n\n<p class=\"has-text-align-center\">Confira a lista dos melhores hot\u00e9is e pousadas para hospedar<\/p>\n\n\n\n<div class=\"wp-block-uagb-advanced-heading uagb-block-e19bf785\"><h2 class=\"uagb-heading-text\">itaguara:<\/h2><\/div>\n\n\n\n<p><strong><a href=\"https:\/\/goo.gl\/maps\/HXvBM3SNma1Fb9kt6\">Hotel Lima<\/a><\/strong> (31) 3184-1508<\/p>\n\n\n\n<p><strong><a href=\"https:\/\/goo.gl\/maps\/C29qh7JovqXRPvnd8\">Hotel Brognara Milleib<\/a><\/strong> (31) 3184-1494<\/p>\n\n\n\n<div class=\"wp-block-uagb-advanced-heading uagb-block-ab4098da\"><h2 class=\"uagb-heading-text\">Itatiaiu\u00e7u<\/h2><\/div>\n\n\n\n<p><strong><a href=\"https:\/\/goo.gl\/maps\/CHfbZmBN3cQTejjKA\">Pousada Alphaville<\/a><\/strong> (31) 98489-4169<\/p>\n\n\n\n<div class=\"wp-block-uagb-advanced-heading uagb-block-317120ef\"><h2 class=\"uagb-heading-text\">Ita\u00fana<\/h2><\/div>\n\n\n\n<p><strong><a href=\"https:\/\/goo.gl\/maps\/ocgU5wk3CbWrbeHS7\">Hotel Top\u00e1zio Imperial<\/a><\/strong> &#8211; (37) 3242-5852<\/p>\n\n\n\n<p><strong><a href=\"https:\/\/goo.gl\/maps\/p7gdUVvkS6zFRZY19\">Hotel Hibis<\/a> <\/strong>&#8211; (37) 3242-2268<\/p>\n\n\n\n<div class=\"wp-block-uagb-advanced-heading uagb-block-66be591c\"><h2 class=\"uagb-heading-text\">Igaratinga<\/h2><\/div>\n\n\n\n<p><a href=\"https:\/\/www.google.com\/travel\/search?q=hotel%20jd%20igaratinga&amp;g2lb=2502548%2C2503771%2C2503781%2C4258168%2C4270442%2C4284970%2C4291517%2C4308226%2C4597339%2C4757164%2C4814050%2C4864715%2C4874190%2C4886480%2C4893075%2C4924070%2C4965990%2C4990494%2C72298667%2C72302247%2C72313834%2C72314552%2C72317059%2C72321071%2C72343701%2C72349968%2C72351868%2C72351869%2C72354390&amp;hl=pt-BR&amp;gl=br&amp;ssta=1&amp;ts=CAESCAoCCAMKAggDGh4SHBIUCgcI5w8QCRgZEgcI5w8QCRgaGAEyBAgAEAAqBwoFOgNCUkw&amp;qs=CAAgACgB&amp;ap=MABoAQ&amp;ictx=1&amp;sa=X&amp;ved=0CAAQ5JsGahcKEwjAyu-zu6GBAxUAAAAAHQAAAAAQaA&amp;utm_campaign=sharing&amp;utm_medium=link_btn&amp;utm_source=htls\"><strong>Hotel JD<\/strong><\/a> &#8211; (37) 99836-0549<br>Avenida Antonio Pio da Fonseca, 230 &#8211; Jardim Vit\u00f3ria, Igaratinga<\/p>\n\n\n\n<p><strong><a href=\"https:\/\/www.google.com\/travel\/search?q=pousada%20velho%20chico&amp;g2lb=2502548%2C2503771%2C2503781%2C4258168%2C4270442%2C4284970%2C4291517%2C4308226%2C4597339%2C4757164%2C4814050%2C4864715%2C4874190%2C4886480%2C4893075%2C4924070%2C4965990%2C4990494%2C72298667%2C72302247%2C72313834%2C72314552%2C72317059%2C72321071%2C72343701%2C72349968%2C72351868%2C72351869%2C72354390&amp;hl=pt-BR&amp;gl=br&amp;ssta=1&amp;ts=CAESCAoCCAMKAggDGh4SHBIUCgcI5w8QCRgZEgcI5w8QCRgaGAEyBAgAEAAqBwoFOgNCUkw&amp;qs=CAEyKENob0lrZC1rbFBtRXlQVGFBUm9OTDJjdk1URm9YMkkxTldaNU5oQUI4CEIJCZEviZInIOnaQgkJfilMKgLNysxCCQkaNPANO9j77A&amp;ap=aAE&amp;ictx=1&amp;sa=X&amp;ved=0CAYQh-kJahcKEwjAyu-zu6GBAxUAAAAAHQAAAAAQIg&amp;utm_campaign=sharing&amp;utm_medium=link_btn&amp;utm_source=htls\">Pousada Velho Chico<\/a><\/strong> &#8211; (37) 99914-4422<br>R. Paracatu &#8211; S\u00e3o Geraldo, Igaratinga &#8211; MG<\/p>\n\n\n\n<div class=\"wp-block-uagb-advanced-heading uagb-block-3296a0c6\"><h2 class=\"uagb-heading-text\">Pitangui<\/h2><\/div>\n\n\n\n<p><strong><a href=\"https:\/\/goo.gl\/maps\/4HTY3cWC8BwyKwDdA\">Pintangui Palace Hotel<\/a> <\/strong>&#8211; (37) 3271-6162<br>Rua Gustavo Capanema, 261 &#8211; Centro &#8211; Pitangui &#8211; MG<\/p>\n\n\n\n<p><strong><a href=\"https:\/\/goo.gl\/maps\/1nDDazRrzQyCMYg67\">Pousada Monsenhor Vicente<\/a><\/strong> &#8211; (37) 3271-4949<br>Pra\u00e7a Presidente Get\u00falio Vargas, 12 &#8211; Centro, Pitangui &#8211; MG<\/p>\n","protected":false},"excerpt":{"rendered":"<p>Onde hospedar Confira a lista dos melhores hot\u00e9is e pousadas para hospedar itaguara: Hotel Lima (31) 3184-1508 Hotel Brognara Milleib (31) 3184-1494 Itatiaiu\u00e7u Pousada Alphaville (31) 98489-4169 Ita\u00fana Hotel Top\u00e1zio Imperial &#8211; (37) 3242-5852 Hotel Hibis &#8211; (37) 3242-2268 Igaratinga Hotel JD &#8211; (37) 99836-0549Avenida Antonio Pio da Fonseca, 230 &#8211; Jardim Vit\u00f3ria, Igaratinga Pousada [&hellip;]<\/p>\n","protected":false},"author":1,"featured_media":0,"parent":0,"menu_order":0,"comment_status":"closed","ping_status":"closed","template":"","meta":{"_coblocks_attr":"","_coblocks_dimensions":"","_coblocks_responsive_height":"","_coblocks_accordion_ie_support":"","_uag_custom_page_level_css":"","ocean_post_layout":"","ocean_both_sidebars_style":"","ocean_both_sidebars_content_width":0,"ocean_both_sidebars_sidebars_width":0,"ocean_sidebar":"0","ocean_second_sidebar":"0","ocean_disable_margins":"enable","ocean_add_body_class":"","ocean_shortcode_before_top_bar":"","ocean_shortcode_after_top_bar":"","ocean_shortcode_before_header":"","ocean_shortcode_after_header":"","ocean_has_shortcode":"","ocean_shortcode_after_title":"","ocean_shortcode_before_footer_widgets":"","ocean_shortcode_after_footer_widgets":"","ocean_shortcode_before_footer_bottom":"","ocean_shortcode_after_footer_bottom":"","ocean_display_top_bar":"default","ocean_display_header":"default","ocean_header_style":"","ocean_center_header_left_menu":"0","ocean_custom_header_template":"0","ocean_custom_logo":0,"ocean_custom_retina_logo":0,"ocean_custom_logo_max_width":0,"ocean_custom_logo_tablet_max_width":0,"ocean_custom_logo_mobile_max_width":0,"ocean_custom_logo_max_height":0,"ocean_custom_logo_tablet_max_height":0,"ocean_custom_logo_mobile_max_height":0,"ocean_header_custom_menu":"0","ocean_menu_typo_font_family":"0","ocean_menu_typo_font_subset":"","ocean_menu_typo_font_size":0,"ocean_menu_typo_font_size_tablet":0,"ocean_menu_typo_font_size_mobile":0,"ocean_menu_typo_font_size_unit":"px","ocean_menu_typo_font_weight":"","ocean_menu_typo_font_weight_tablet":"","ocean_menu_typo_font_weight_mobile":"","ocean_menu_typo_transform":"","ocean_menu_typo_transform_tablet":"","ocean_menu_typo_transform_mobile":"","ocean_menu_typo_line_height":0,"ocean_menu_typo_line_height_tablet":0,"ocean_menu_typo_line_height_mobile":0,"ocean_menu_typo_line_height_unit":"","ocean_menu_typo_spacing":0,"ocean_menu_typo_spacing_tablet":0,"ocean_menu_typo_spacing_mobile":0,"ocean_menu_typo_spacing_unit":"","ocean_menu_link_color":"","ocean_menu_link_color_hover":"","ocean_menu_link_color_active":"","ocean_menu_link_background":"","ocean_menu_link_hover_background":"","ocean_menu_link_active_background":"","ocean_menu_social_links_bg":"","ocean_menu_social_hover_links_bg":"","ocean_menu_social_links_color":"","ocean_menu_social_hover_links_color":"","ocean_disable_title":"default","ocean_disable_heading":"default","ocean_post_title":"","ocean_post_subheading":"","ocean_post_title_style":"","ocean_post_title_background_color":"","ocean_post_title_background":0,"ocean_post_title_bg_image_position":"","ocean_post_title_bg_image_attachment":"","ocean_post_title_bg_image_repeat":"","ocean_post_title_bg_image_size":"","ocean_post_title_height":0,"ocean_post_title_bg_overlay":0.5,"ocean_post_title_bg_overlay_color":"","ocean_disable_breadcrumbs":"default","ocean_breadcrumbs_color":"","ocean_breadcrumbs_separator_color":"","ocean_breadcrumbs_links_color":"","ocean_breadcrumbs_links_hover_color":"","ocean_display_footer_widgets":"default","ocean_display_footer_bottom":"default","ocean_custom_footer_template":"0","footnotes":""},"class_list":["post-370","page","type-page","status-publish","hentry","entry"],"uagb_featured_image_src":{"full":false,"thumbnail":false,"medium":false,"medium_large":false,"large":false,"1536x1536":false,"2048x2048":false,"ocean-thumb-m":false,"ocean-thumb-ml":false,"ocean-thumb-l":false},"uagb_author_info":{"display_name":"caminhodosaojoao","author_link":"https:\/\/caminhodosaojoao.com.br\/site\/author\/caminhodosaojoao\/"},"uagb_comment_info":0,"uagb_excerpt":"Onde hospedar Confira a lista dos melhores hot\u00e9is e pousadas para hospedar itaguara: Hotel Lima (31) 3184-1508 Hotel Brognara Milleib (31) 3184-1494 Itatiaiu\u00e7u Pousada Alphaville (31) 98489-4169 Ita\u00fana Hotel Top\u00e1zio Imperial &#8211; (37) 3242-5852 Hotel Hibis &#8211; (37) 3242-2268 Igaratinga Hotel JD &#8211; (37) 99836-0549Avenida Antonio Pio da Fonseca, 230 &#8211; Jardim Vit\u00f3ria, Igaratinga Pousada&hellip;","_links":{"self":[{"href":"https:\/\/caminhodosaojoao.com.br\/site\/wp-json\/wp\/v2\/pages\/370","targetHints":{"allow":["GET"]}}],"collection":[{"href":"https:\/\/caminhodosaojoao.com.br\/site\/wp-json\/wp\/v2\/pages"}],"about":[{"href":"https:\/\/caminhodosaojoao.com.br\/site\/wp-json\/wp\/v2\/types\/page"}],"author":[{"embeddable":true,"href":"https:\/\/caminhodosaojoao.com.br\/site\/wp-json\/wp\/v2\/users\/1"}],"replies":[{"embeddable":true,"href":"https:\/\/caminhodosaojoao.com.br\/site\/wp-json\/wp\/v2\/comments?post=370"}],"version-history":[{"count":32,"href":"https:\/\/caminhodosaojoao.com.br\/site\/wp-json\/wp\/v2\/pages\/370\/revisions"}],"predecessor-version":[{"id":521,"href":"https:\/\/caminhodosaojoao.com.br\/site\/wp-json\/wp\/v2\/pages\/370\/revisions\/521"}],"wp:attachment":[{"href":"https:\/\/caminhodosaojoao.com.br\/site\/wp-json\/wp\/v2\/media?parent=370"}],"curies":[{"name":"wp","href":"https:\/\/api.w.org\/{rel}","templated":true}]}}