{"id":116,"date":"2023-08-20T10:14:08","date_gmt":"2023-08-20T13:14:08","guid":{"rendered":"https:\/\/caminhodosaojoao.com.br\/site\/?page_id=116"},"modified":"2024-11-12T17:48:07","modified_gmt":"2024-11-12T20:48:07","slug":"o-caminho-do-sao-joao","status":"publish","type":"page","link":"https:\/\/caminhodosaojoao.com.br\/site\/o-caminho-do-sao-joao\/","title":{"rendered":"O Caminho do S\u00e3o Jo\u00e3o"},"content":{"rendered":"\n<div class=\"wp-block-uagb-advanced-heading uagb-block-97953f49\"><h2 class=\"uagb-heading-text\">O Caminho do S\u00e3o Jo\u00e3o<\/h2><\/div>\n\n\n<div class=\"wp-block-image\">\n<figure class=\"aligncenter size-full is-resized\"><img loading=\"lazy\" decoding=\"async\" width=\"722\" height=\"48\" src=\"https:\/\/caminhodosaojoao.com.br\/site\/wp-content\/uploads\/2023\/08\/Grupo-39.png\" alt=\"\" class=\"wp-image-285\" style=\"width:321px;height:21px\"\/><\/figure><\/div>\n\n\n<p>Com 180 km de extens\u00e3o e passando por 11 munic\u00edpios, o Caminho do S\u00e3o Jo\u00e3o nasceu com adeptos do cicloturismo, visando a preserva\u00e7\u00e3o do Rio S\u00e3o Jo\u00e3o e tamb\u00e9m a promo\u00e7\u00e3o do ecoturismo de aventura na regi\u00e3o. Uma regi\u00e3o rica por suas belezas naturais, paisagens de tirar o folego e belas cachoeiras. Os charmosos vilarejos que margeiam o rio, oferecem aos seus visitantes, aconchego e uma gastronomia de dar \u00e1gua na boca. <\/p>\n\n\n\n<p>Mas para falar do <strong>Caminho do S\u00e3o<\/strong> Jo\u00e3o precisamos primeiro conhecer um pouco do Rio S\u00e3o Jo\u00e3o, suas bacias e tamb\u00e9m a import\u00e2ncia do rio para regi\u00e3o. <\/p>\n\n\n\n<div class=\"wp-block-uagb-image aligncenter uagb-block-6ef57e25 wp-block-uagb-image--layout-default wp-block-uagb-image--effect-static wp-block-uagb-image--align-center\"><figure class=\"wp-block-uagb-image__figure\"><img decoding=\"async\" srcset=\"https:\/\/caminhodosaojoao.com.br\/site\/wp-content\/uploads\/2023\/08\/simbolo-agua.png \" sizes=\"(max-width: 480px) 150px\" src=\"https:\/\/caminhodosaojoao.com.br\/site\/wp-content\/uploads\/2023\/08\/simbolo-agua.png\" alt=\"\" class=\"uag-image-95\" width=\"80\" height=\"57\" title=\"\" loading=\"lazy\" role=\"img\"\/><\/figure><\/div>\n\n\n\n<div class=\"wp-block-uagb-advanced-heading uagb-block-241ced65\"><h2 class=\"uagb-heading-text\">sub-bacia<\/h2><\/div>\n\n\n\n<p>A <strong>sub-bacia<\/strong> do Rio S\u00e3o Jo\u00e3o faz parte da Bacia do Rio Par\u00e1, localizada na Bacia do Alto S\u00e3o Francisco, com \u00e1rea de 1500Km\u00b2. O Rio S\u00e3o Jo\u00e3o nasce no Campo dos Gentios, localidade do munic\u00edpio de Itaguara, e abastece outras 10 cidades: Itatiaiu\u00e7u, Carmo do Cajuru, Ita\u00fana, Mateus Leme, S\u00e3o Gon\u00e7alo do Par\u00e1, Igaratinga, Concei\u00e7\u00e3o do Par\u00e1, Par\u00e1 de Minas, On\u00e7a do Pitangui e Pitangui, desaguando no Rio Par\u00e1 em Velho da Taipa, munic\u00edpio de Pitangui. Ita\u00fana \u00e9 o principal munic\u00edpio banhado pelas \u00e1guas do Rio S\u00e3o Jo\u00e3o, al\u00e9m do fato deste ser o \u00fanico rio que abastece a cidade, sendo responsabilidade das autoridades locais a preserva\u00e7\u00e3o e a recupera\u00e7\u00e3o. No entanto, no manejo ambiental de recursos h\u00eddricos, n\u00e3o se deve pensar apenas nos limites municipais.<\/p>\n\n\n\n<div data-aos= \"fade-down\" data-aos-duration=\"400\" data-aos-delay=\"0\" data-aos-easing=\"ease\" data-aos-once=\"true\" class=\"wp-block-uagb-image uagb-block-b3da5a2d wp-block-uagb-image--layout-default wp-block-uagb-image--effect-zoomin wp-block-uagb-image--align-none\"><figure class=\"wp-block-uagb-image__figure\"><img decoding=\"async\" srcset=\"https:\/\/caminhodosaojoao.com.br\/site\/wp-content\/uploads\/2023\/08\/cachoeira-das-sete-quedas-rio-sao-joao-1920x865.jpg \" sizes=\"(max-width: 480px) 150px\" src=\"https:\/\/caminhodosaojoao.com.br\/site\/wp-content\/uploads\/2023\/08\/cachoeira-das-sete-quedas-rio-sao-joao-1920x865.jpg\" alt=\"\" class=\"uag-image-305\" width=\"2000\" height=\"901\" title=\"\" loading=\"lazy\" role=\"img\"\/><\/figure><\/div>\n\n\n\n<p style=\"font-size:15px\"><em><strong>Cachoeira das Sete Quedas &#8211; Comunidade do Rio S\u00e3o Jo\u00e3o<\/strong><\/em><\/p>\n\n\n<div class=\"wp-block-image\">\n<figure class=\"aligncenter size-full is-resized\"><img loading=\"lazy\" decoding=\"async\" width=\"722\" height=\"48\" src=\"https:\/\/caminhodosaojoao.com.br\/site\/wp-content\/uploads\/2023\/08\/Grupo-39.png\" alt=\"\" class=\"wp-image-285\" style=\"object-fit:cover;width:300px;height:20px\"\/><\/figure><\/div>\n\n\n<div class=\"wp-block-uagb-advanced-heading uagb-block-c26f4fea\"><h2 class=\"uagb-heading-text\">Microbacia<\/h2><\/div>\n\n\n\n<p>A <strong>microbacia<\/strong> deve ser considerada como unidade b\u00e1sica de manejo, visto que altera\u00e7\u00f5es feitas em qualquer ponto podem acarretar melhorias ou comprometimento da qualidade e quantidade da \u00e1gua dispon\u00edvel. A largura m\u00e9dia do Rio S\u00e3o Jo\u00e3o \u00e9 de 5 m, sendo que na sua foz apresenta uma largura de 8 a 10m, e a profundidade de 1 a 1,5m. A Bacia se localiza em uma \u00e1rea de transi\u00e7\u00e3o entre<strong> Cerrado e Mata Atl\u00e2ntica<\/strong>, vegeta\u00e7\u00e3o essa j\u00e1 bastante degradada e substitu\u00edda por pastagens e reflorestamentos de eucalipto. O clima predominante \u00e9 o tropical de altitude, com m\u00e9dia pluviom\u00e9trica de 1557,5mm anuais, temperatura m\u00e9dia anual de 21,8 0C e umidade relativa do ar de 68%.<\/p>\n\n\n\n<p style=\"font-size:15px\"><em><strong>Fonte: SAAE Ita\u00fana<\/strong><\/em><\/p>\n\n\n\n<div class=\"wp-block-columns is-layout-flex wp-container-core-columns-is-layout-9d6595d7 wp-block-columns-is-layout-flex\">\n<div class=\"wp-block-column is-layout-flow wp-block-column-is-layout-flow\">\n<div class=\"wp-block-uagb-advanced-heading uagb-block-a8d9e22f\"><h2 class=\"uagb-heading-text\">O Caminho do S\u00e3o Jo\u00e3o<\/h2><\/div>\n\n\n\n<p>Nossa equipe percorreu e mapeou todo o trajeto do Rio S\u00e3o Jo\u00e3o. Ao todo s\u00e3o 180km de extens\u00e3o passando por 11 cidades. A regi\u00e3o \u00e9 rica em belezas naturais e ideal para o cicloturismo, trekking e at\u00e9 mesmo para uma boa cavalgada nas montanhas de Minas. O Caminho pode ser feito tamb\u00e9m de carro, moto, quadriciclo entre outros. O que vale mesmo \u00e9 o passeio, conhecer os vilarejos, uma boa prosa com os amigos, aproveitar as paisagens e cachoeiras. E o mais importante. Preservar a Natureza!<\/p>\n<\/div>\n<\/div>\n\n\n\n<div data-aos= \"fade-down\" data-aos-duration=\"400\" data-aos-delay=\"0\" data-aos-easing=\"ease\" data-aos-once=\"true\" class=\"wp-block-uagb-image uagb-block-1db76de5 wp-block-uagb-image--layout-default wp-block-uagb-image--effect-zoomin wp-block-uagb-image--align-none\"><figure class=\"wp-block-uagb-image__figure\"><img decoding=\"async\" srcset=\"https:\/\/caminhodosaojoao.com.br\/site\/wp-content\/uploads\/2023\/08\/igrejinha-da-pedra-2-1920x865.jpg \" sizes=\"(max-width: 480px) 150px\" src=\"https:\/\/caminhodosaojoao.com.br\/site\/wp-content\/uploads\/2023\/08\/igrejinha-da-pedra-2-1920x865.jpg\" alt=\"\" class=\"uag-image-389\" width=\"2000\" height=\"901\" title=\"\" loading=\"lazy\" role=\"img\"\/><\/figure><\/div>\n\n\n\n<p style=\"font-size:15px\"><em><strong>Igrejinha da Pedra Negra &#8211;  \u00d3timo local para apreciar a paisagem!<\/strong><\/em><\/p>\n\n\n\n<div class=\"wp-block-uagb-advanced-heading uagb-block-4968728c\"><h2 class=\"uagb-heading-text\">Trajeto do Caminho do s\u00e3o Jo\u00e3o<\/h2><\/div>\n\n\n\n<div style=\"height:31px\" aria-hidden=\"true\" class=\"wp-block-spacer\"><\/div>\n\n\n\n<div class=\"wp-block-uagb-image alignwide uagb-block-12bfa990 wp-block-uagb-image--layout-default wp-block-uagb-image--effect-static wp-block-uagb-image--align-wide\"><figure class=\"wp-block-uagb-image__figure\"><img decoding=\"async\" srcset=\"https:\/\/caminhodosaojoao.com.br\/site\/wp-content\/uploads\/2024\/11\/distancias_Prancheta-1-1920x732.webp ,https:\/\/caminhodosaojoao.com.br\/site\/wp-content\/uploads\/2024\/11\/distancias_Prancheta-1.webp 780w, https:\/\/caminhodosaojoao.com.br\/site\/wp-content\/uploads\/2024\/11\/distancias_Prancheta-1.webp 360w\" sizes=\"(max-width: 480px) 150px\" src=\"https:\/\/caminhodosaojoao.com.br\/site\/wp-content\/uploads\/2024\/11\/distancias_Prancheta-1-1920x732.webp\" alt=\"\" class=\"uag-image-562\" width=\"1200\" height=\"458\" title=\"distancias_Prancheta 1\" loading=\"lazy\" role=\"img\"\/><\/figure><\/div>\n\n\n\n<div class=\"wp-block-uagb-container uagb-block-0fa2b6ea alignfull uagb-is-root-container\"><div class=\"uagb-container-inner-blocks-wrap\">\n<div class=\"wp-block-uagb-container uagb-block-49b20cd4\">\n<div class=\"strava-embed-placeholder\" data-embed-type=\"route\" data-embed-id=\"3130284847874241386\" data-units=\"imperial\"><\/div><script src=\"https:\/\/strava-embeds.com\/embed.js\"><\/script>\n<\/div>\n\n\n\n<div class=\"wp-block-uagb-container uagb-block-1cf4fce0\">\n<iframe loading=\"lazy\" frameBorder=\"0\" scrolling=\"no\" src=\"https:\/\/pt.wikiloc.com\/wikiloc\/spatialArtifacts.do?event=view&#038;id=145408046&#038;measures=on&#038;title=on&#038;near=on&#038;images=off&#038;maptype=H\" width=\"100%\" height=\"600\"><\/iframe><div style=\"color:#777;font-size:11px;line-height:16px;\">Powered by <a style=\"color:#06d;font-size:11px;line-height:16px;\" target=\"_blank\" href=\"https:\/\/pt.wikiloc.com\" rel=\"noopener\">Wikiloc<\/a><\/div>\n<\/div>\n<\/div><\/div>\n","protected":false},"excerpt":{"rendered":"<p>O Caminho do S\u00e3o Jo\u00e3o Com 180 km de extens\u00e3o e passando por 11 munic\u00edpios, o Caminho do S\u00e3o Jo\u00e3o nasceu com adeptos do cicloturismo, visando a preserva\u00e7\u00e3o do Rio S\u00e3o Jo\u00e3o e tamb\u00e9m a promo\u00e7\u00e3o do ecoturismo de aventura na regi\u00e3o. Uma regi\u00e3o rica por suas belezas naturais, paisagens de tirar o folego e [&hellip;]<\/p>\n","protected":false},"author":1,"featured_media":0,"parent":0,"menu_order":0,"comment_status":"closed","ping_status":"closed","template":"","meta":{"_coblocks_attr":"","_coblocks_dimensions":"","_coblocks_responsive_height":"","_coblocks_accordion_ie_support":"","_uag_custom_page_level_css":"","ocean_post_layout":"","ocean_both_sidebars_style":"","ocean_both_sidebars_content_width":0,"ocean_both_sidebars_sidebars_width":0,"ocean_sidebar":"0","ocean_second_sidebar":"0","ocean_disable_margins":"enable","ocean_add_body_class":"","ocean_shortcode_before_top_bar":"","ocean_shortcode_after_top_bar":"","ocean_shortcode_before_header":"","ocean_shortcode_after_header":"","ocean_has_shortcode":"","ocean_shortcode_after_title":"","ocean_shortcode_before_footer_widgets":"","ocean_shortcode_after_footer_widgets":"","ocean_shortcode_before_footer_bottom":"","ocean_shortcode_after_footer_bottom":"","ocean_display_top_bar":"default","ocean_display_header":"default","ocean_header_style":"","ocean_center_header_left_menu":"0","ocean_custom_header_template":"0","ocean_custom_logo":0,"ocean_custom_retina_logo":0,"ocean_custom_logo_max_width":0,"ocean_custom_logo_tablet_max_width":0,"ocean_custom_logo_mobile_max_width":0,"ocean_custom_logo_max_height":0,"ocean_custom_logo_tablet_max_height":0,"ocean_custom_logo_mobile_max_height":0,"ocean_header_custom_menu":"0","ocean_menu_typo_font_family":"0","ocean_menu_typo_font_subset":"","ocean_menu_typo_font_size":0,"ocean_menu_typo_font_size_tablet":0,"ocean_menu_typo_font_size_mobile":0,"ocean_menu_typo_font_size_unit":"px","ocean_menu_typo_font_weight":"","ocean_menu_typo_font_weight_tablet":"","ocean_menu_typo_font_weight_mobile":"","ocean_menu_typo_transform":"","ocean_menu_typo_transform_tablet":"","ocean_menu_typo_transform_mobile":"","ocean_menu_typo_line_height":0,"ocean_menu_typo_line_height_tablet":0,"ocean_menu_typo_line_height_mobile":0,"ocean_menu_typo_line_height_unit":"","ocean_menu_typo_spacing":0,"ocean_menu_typo_spacing_tablet":0,"ocean_menu_typo_spacing_mobile":0,"ocean_menu_typo_spacing_unit":"","ocean_menu_link_color":"","ocean_menu_link_color_hover":"","ocean_menu_link_color_active":"","ocean_menu_link_background":"","ocean_menu_link_hover_background":"","ocean_menu_link_active_background":"","ocean_menu_social_links_bg":"","ocean_menu_social_hover_links_bg":"","ocean_menu_social_links_color":"","ocean_menu_social_hover_links_color":"","ocean_disable_title":"default","ocean_disable_heading":"default","ocean_post_title":"","ocean_post_subheading":"","ocean_post_title_style":"","ocean_post_title_background_color":"","ocean_post_title_background":0,"ocean_post_title_bg_image_position":"","ocean_post_title_bg_image_attachment":"","ocean_post_title_bg_image_repeat":"","ocean_post_title_bg_image_size":"","ocean_post_title_height":0,"ocean_post_title_bg_overlay":0.5,"ocean_post_title_bg_overlay_color":"","ocean_disable_breadcrumbs":"default","ocean_breadcrumbs_color":"","ocean_breadcrumbs_separator_color":"","ocean_breadcrumbs_links_color":"","ocean_breadcrumbs_links_hover_color":"","ocean_display_footer_widgets":"default","ocean_display_footer_bottom":"default","ocean_custom_footer_template":"0","footnotes":""},"class_list":["post-116","page","type-page","status-publish","hentry","entry"],"uagb_featured_image_src":{"full":false,"thumbnail":false,"medium":false,"medium_large":false,"large":false,"1536x1536":false,"2048x2048":false,"ocean-thumb-m":false,"ocean-thumb-ml":false,"ocean-thumb-l":false},"uagb_author_info":{"display_name":"caminhodosaojoao","author_link":"https:\/\/caminhodosaojoao.com.br\/site\/author\/caminhodosaojoao\/"},"uagb_comment_info":0,"uagb_excerpt":"O Caminho do S\u00e3o Jo\u00e3o Com 180 km de extens\u00e3o e passando por 11 munic\u00edpios, o Caminho do S\u00e3o Jo\u00e3o nasceu com adeptos do cicloturismo, visando a preserva\u00e7\u00e3o do Rio S\u00e3o Jo\u00e3o e tamb\u00e9m a promo\u00e7\u00e3o do ecoturismo de aventura na regi\u00e3o. Uma regi\u00e3o rica por suas belezas naturais, paisagens de tirar o folego e&hellip;","_links":{"self":[{"href":"https:\/\/caminhodosaojoao.com.br\/site\/wp-json\/wp\/v2\/pages\/116","targetHints":{"allow":["GET"]}}],"collection":[{"href":"https:\/\/caminhodosaojoao.com.br\/site\/wp-json\/wp\/v2\/pages"}],"about":[{"href":"https:\/\/caminhodosaojoao.com.br\/site\/wp-json\/wp\/v2\/types\/page"}],"author":[{"embeddable":true,"href":"https:\/\/caminhodosaojoao.com.br\/site\/wp-json\/wp\/v2\/users\/1"}],"replies":[{"embeddable":true,"href":"https:\/\/caminhodosaojoao.com.br\/site\/wp-json\/wp\/v2\/comments?post=116"}],"version-history":[{"count":50,"href":"https:\/\/caminhodosaojoao.com.br\/site\/wp-json\/wp\/v2\/pages\/116\/revisions"}],"predecessor-version":[{"id":563,"href":"https:\/\/caminhodosaojoao.com.br\/site\/wp-json\/wp\/v2\/pages\/116\/revisions\/563"}],"wp:attachment":[{"href":"https:\/\/caminhodosaojoao.com.br\/site\/wp-json\/wp\/v2\/media?parent=116"}],"curies":[{"name":"wp","href":"https:\/\/api.w.org\/{rel}","templated":true}]}}